{"id":271,"date":"2022-11-25T11:58:35","date_gmt":"2022-11-25T11:58:35","guid":{"rendered":"https:\/\/www.moonlight-boards.com\/blg\/?page_id=271"},"modified":"2024-12-09T14:13:07","modified_gmt":"2024-12-09T14:13:07","slug":"mentions-legales","status":"publish","type":"page","link":"https:\/\/www.moonlight-boards.com\/blg\/mentions-legales\/","title":{"rendered":"Mentions l\u00e9gales"},"content":{"rendered":"\n<p><strong>Editeur du site &#8211; Responsable \u00e9ditorial<\/strong><br>Moonlight Boards<br>Philippe Canaux<br>13 All\u00e9e des Marronniers<br>11350 PAZIOLS<br>France<br>https:\/\/www.moonlight-boards.com<\/p>\n\n\n\n<p>Moonlight Boards est une Micro Entreprise et une Marque d\u00e9pos\u00e9e.<br>RCS Dax 850 743 758 &#8211; Siret : 85074375800011 &#8211; APE : 4791B<br><strong>H\u00e9bergeur<\/strong><br>Le site www.moonlight-boards.com est h\u00e9berg\u00e9 chez :<br>OVH<br>www.ovh.com<br>2, rue Kellermann,<br>59100 Roubaix<br>France<br><strong>Conditions de service<\/strong><br>Ce site est propos\u00e9 en langages HTML5 et CSS3, pour un meilleur confort d&rsquo;utilisation et un graphisme plus agr\u00e9able, nous vous recommandons de recourir \u00e0 des navigateurs modernes comme Firefox, Chrome, Safari\u2026<br><strong>Cookies<\/strong><br>Pour des besoins de statistiques et d&rsquo;affichage, le pr\u00e9sent site utilise des cookies. Il s&rsquo;agit de petits fichiers textes stock\u00e9s sur votre disque dur afin d&rsquo;enregistrer des donn\u00e9es techniques sur votre navigation. Certaines parties de ce site ne peuvent \u00eatre fonctionnelle sans l\u2019acceptation de cookies (modules de paiement, espace client notamment).<br><strong>Conditions d&rsquo;utilisation<\/strong><br>Nous vous invitons \u00e0 consulter \u00e9galement nos conditions d&rsquo;utilisation :<br><a href=\"https:\/\/www.moonlight-boards.com\/blg\/conditions-dutilisation\/\" rel=\"nofollow\" title=\"\">https:\/\/www.moonlight-boards.com\/blg\/conditions-dutilisation\/<\/a><br><strong>Contactez-nous<\/strong><br>Moonlight Boards\u00a0 est \u00e0 votre disposition pour tous vos commentaires ou suggestions.<br>Vous pouvez nous \u00e9crire en fran\u00e7ais ou en anglais par courrier \u00e9lectronique \u00e0 info@moonlight-boards.com.<\/p>\n\n\n\n<p><\/p>\n","protected":false},"excerpt":{"rendered":"<p>Editeur du site &#8211; Responsable \u00e9ditorialMoonlight BoardsPhilippe Canaux13 All\u00e9e des Marronniers11350 PAZIOLSFrancehttps:\/\/www.moonlight-boards.com Moonlight Boards est une Micro Entreprise et une Marque d\u00e9pos\u00e9e.RCS Dax 850 743 758 &#8211; Siret : 85074375800011 &#8211; APE : 4791BH\u00e9bergeurLe site www.moonlight-boards.com est h\u00e9berg\u00e9 chez :OVHwww.ovh.com2, rue Kellermann,59100 RoubaixFranceConditions de serviceCe site est propos\u00e9 en langages HTML5 et CSS3, pour un<\/p>\n<div><a class=\"btn-filled btn\" href=\"https:\/\/www.moonlight-boards.com\/blg\/mentions-legales\/\" title=\"Mentions l\u00e9gales\">Lire la suite<\/a><\/div>\n","protected":false},"author":1,"featured_media":0,"parent":0,"menu_order":0,"comment_status":"closed","ping_status":"closed","template":"","meta":{"footnotes":""},"folder":[6],"class_list":["post-271","page","type-page","status-publish","hentry"],"aioseo_notices":[],"jetpack_sharing_enabled":true,"_links":{"self":[{"href":"https:\/\/www.moonlight-boards.com\/blg\/wp-json\/wp\/v2\/pages\/271","targetHints":{"allow":["GET"]}}],"collection":[{"href":"https:\/\/www.moonlight-boards.com\/blg\/wp-json\/wp\/v2\/pages"}],"about":[{"href":"https:\/\/www.moonlight-boards.com\/blg\/wp-json\/wp\/v2\/types\/page"}],"author":[{"embeddable":true,"href":"https:\/\/www.moonlight-boards.com\/blg\/wp-json\/wp\/v2\/users\/1"}],"replies":[{"embeddable":true,"href":"https:\/\/www.moonlight-boards.com\/blg\/wp-json\/wp\/v2\/comments?post=271"}],"version-history":[{"count":4,"href":"https:\/\/www.moonlight-boards.com\/blg\/wp-json\/wp\/v2\/pages\/271\/revisions"}],"predecessor-version":[{"id":551,"href":"https:\/\/www.moonlight-boards.com\/blg\/wp-json\/wp\/v2\/pages\/271\/revisions\/551"}],"wp:attachment":[{"href":"https:\/\/www.moonlight-boards.com\/blg\/wp-json\/wp\/v2\/media?parent=271"}],"wp:term":[{"taxonomy":"folder","embeddable":true,"href":"https:\/\/www.moonlight-boards.com\/blg\/wp-json\/wp\/v2\/folder?post=271"}],"curies":[{"name":"wp","href":"https:\/\/api.w.org\/{rel}","templated":true}]}}